{"id":72851,"date":"2026-04-21T12:35:28","date_gmt":"2026-04-21T10:35:28","guid":{"rendered":"https:\/\/cryopoint.com\/shop\/bon-cadeau-offenburg\/"},"modified":"2026-04-21T19:31:52","modified_gmt":"2026-04-21T17:31:52","slug":"bon-cadeau-offenburg","status":"publish","type":"product","link":"https:\/\/cryopoint.com\/fr\/shop\/bon-cadeau-offenburg\/","title":{"rendered":"Bon cadeau Offenburg"},"content":{"rendered":"","protected":false},"excerpt":{"rendered":"<p data-pm-slice=\"1 1 []\">Fais plaisir \u00e0 tes proches avec nos applications ! Nos coupons conviennent \u00e0 diff\u00e9rentes occasions comme No\u00ebl, les anniversaires ou comme une attention de temps en temps. Choisis maintenant un montant et ach\u00e8te le bon. Le bon sera ensuite envoy\u00e9 \u00e0 l&rsquo;e-mail indiqu\u00e9.<\/p>\n<p>Ce bon n&rsquo;est valable que pour ce site.<\/p>\n<p>Dur\u00e9e de validit\u00e9 : 24 mois<\/p>\n","protected":false},"featured_media":47279,"template":"","meta":[],"product_brand":[],"product_cat":[228,136],"product_tag":[],"class_list":{"0":"post-72851","1":"product","2":"type-product","3":"status-publish","4":"has-post-thumbnail","6":"product_cat-offenburg","7":"product_cat-coupons-fr-2","9":"first","10":"instock","11":"taxable","12":"shipping-taxable","13":"purchasable","14":"product-type-pw-gift-card"},"yoast_head":"<!-- This site is optimized with the Yoast SEO plugin v27.4 - https:\/\/yoast.com\/product\/yoast-seo-wordpress\/ -->\n<title>Bon cadeau Offenburg - Cryopoint<\/title>\n<meta name=\"robots\" content=\"index, follow, max-snippet:-1, max-image-preview:large, max-video-preview:-1\" \/>\n<link rel=\"canonical\" href=\"https:\/\/cryopoint.com\/fr\/shop\/bon-cadeau-offenburg\/\" \/>\n<meta property=\"og:locale\" content=\"fr_FR\" \/>\n<meta property=\"og:type\" content=\"article\" \/>\n<meta property=\"og:title\" content=\"Bon cadeau Offenburg - Cryopoint\" \/>\n<meta property=\"og:description\" content=\"Fais plaisir \u00e0 tes proches avec nos applications ! Nos coupons conviennent \u00e0 diff\u00e9rentes occasions comme No\u00ebl, les anniversaires ou comme une attention de temps en temps. Choisis maintenant un montant et ach\u00e8te le bon. Le bon sera ensuite envoy\u00e9 \u00e0 l&#039;e-mail indiqu\u00e9. Ce bon n&#039;est valable que pour ce site.  Dur\u00e9e de validit\u00e9 : 24 mois\" \/>\n<meta property=\"og:url\" content=\"https:\/\/cryopoint.com\/fr\/shop\/bon-cadeau-offenburg\/\" \/>\n<meta property=\"og:site_name\" content=\"Cryopoint\" \/>\n<meta property=\"article:modified_time\" content=\"2026-04-21T17:31:52+00:00\" \/>\n<meta property=\"og:image\" content=\"https:\/\/cryopoint.com\/wp-content\/uploads\/2024\/02\/cryopoint-gutschein-asset.png\" \/>\n\t<meta property=\"og:image:width\" content=\"1500\" \/>\n\t<meta property=\"og:image:height\" content=\"1500\" \/>\n\t<meta property=\"og:image:type\" content=\"image\/png\" \/>\n<meta name=\"twitter:card\" content=\"summary_large_image\" \/>\n<meta name=\"twitter:label1\" content=\"Dur\u00e9e de lecture estim\u00e9e\" \/>\n\t<meta name=\"twitter:data1\" content=\"1 minute\" \/>\n<script type=\"application\/ld+json\" class=\"yoast-schema-graph\">{\"@context\":\"https:\\\/\\\/schema.org\",\"@graph\":[{\"@type\":\"WebPage\",\"@id\":\"https:\\\/\\\/cryopoint.com\\\/fr\\\/shop\\\/bon-cadeau-offenburg\\\/\",\"url\":\"https:\\\/\\\/cryopoint.com\\\/fr\\\/shop\\\/bon-cadeau-offenburg\\\/\",\"name\":\"Bon cadeau Offenburg - Cryopoint\",\"isPartOf\":{\"@id\":\"https:\\\/\\\/cryopoint.com\\\/#website\"},\"primaryImageOfPage\":{\"@id\":\"https:\\\/\\\/cryopoint.com\\\/fr\\\/shop\\\/bon-cadeau-offenburg\\\/#primaryimage\"},\"image\":{\"@id\":\"https:\\\/\\\/cryopoint.com\\\/fr\\\/shop\\\/bon-cadeau-offenburg\\\/#primaryimage\"},\"thumbnailUrl\":\"https:\\\/\\\/cryopoint.com\\\/wp-content\\\/uploads\\\/2024\\\/02\\\/cryopoint-gutschein-asset.png\",\"datePublished\":\"2026-04-21T10:35:28+00:00\",\"dateModified\":\"2026-04-21T17:31:52+00:00\",\"breadcrumb\":{\"@id\":\"https:\\\/\\\/cryopoint.com\\\/fr\\\/shop\\\/bon-cadeau-offenburg\\\/#breadcrumb\"},\"inLanguage\":\"fr-FR\",\"potentialAction\":[{\"@type\":\"ReadAction\",\"target\":[\"https:\\\/\\\/cryopoint.com\\\/fr\\\/shop\\\/bon-cadeau-offenburg\\\/\"]}]},{\"@type\":\"ImageObject\",\"inLanguage\":\"fr-FR\",\"@id\":\"https:\\\/\\\/cryopoint.com\\\/fr\\\/shop\\\/bon-cadeau-offenburg\\\/#primaryimage\",\"url\":\"https:\\\/\\\/cryopoint.com\\\/wp-content\\\/uploads\\\/2024\\\/02\\\/cryopoint-gutschein-asset.png\",\"contentUrl\":\"https:\\\/\\\/cryopoint.com\\\/wp-content\\\/uploads\\\/2024\\\/02\\\/cryopoint-gutschein-asset.png\",\"width\":1500,\"height\":1500},{\"@type\":\"BreadcrumbList\",\"@id\":\"https:\\\/\\\/cryopoint.com\\\/fr\\\/shop\\\/bon-cadeau-offenburg\\\/#breadcrumb\",\"itemListElement\":[{\"@type\":\"ListItem\",\"position\":1,\"name\":\"Startseite\",\"item\":\"https:\\\/\\\/cryopoint.com\\\/en\\\/\"},{\"@type\":\"ListItem\",\"position\":2,\"name\":\"Products\",\"item\":\"https:\\\/\\\/cryopoint.com\\\/shop\\\/\"},{\"@type\":\"ListItem\",\"position\":3,\"name\":\"Bon cadeau Offenburg\"}]},{\"@type\":\"WebSite\",\"@id\":\"https:\\\/\\\/cryopoint.com\\\/#website\",\"url\":\"https:\\\/\\\/cryopoint.com\\\/\",\"name\":\"Cryopoint\",\"description\":\"Restart Your Body\",\"publisher\":{\"@id\":\"https:\\\/\\\/cryopoint.com\\\/#organization\"},\"potentialAction\":[{\"@type\":\"SearchAction\",\"target\":{\"@type\":\"EntryPoint\",\"urlTemplate\":\"https:\\\/\\\/cryopoint.com\\\/?s={search_term_string}\"},\"query-input\":{\"@type\":\"PropertyValueSpecification\",\"valueRequired\":true,\"valueName\":\"search_term_string\"}}],\"inLanguage\":\"fr-FR\"},{\"@type\":\"Organization\",\"@id\":\"https:\\\/\\\/cryopoint.com\\\/#organization\",\"name\":\"Cryopoint\",\"url\":\"https:\\\/\\\/cryopoint.com\\\/\",\"logo\":{\"@type\":\"ImageObject\",\"inLanguage\":\"fr-FR\",\"@id\":\"https:\\\/\\\/cryopoint.com\\\/#\\\/schema\\\/logo\\\/image\\\/\",\"url\":\"https:\\\/\\\/cryopoint.com\\\/wp-content\\\/uploads\\\/2022\\\/05\\\/312CF1BF-6C51-4D51-8EBA-F2D06CFDF417.jpg\",\"contentUrl\":\"https:\\\/\\\/cryopoint.com\\\/wp-content\\\/uploads\\\/2022\\\/05\\\/312CF1BF-6C51-4D51-8EBA-F2D06CFDF417.jpg\",\"width\":500,\"height\":500,\"caption\":\"Cryopoint\"},\"image\":{\"@id\":\"https:\\\/\\\/cryopoint.com\\\/#\\\/schema\\\/logo\\\/image\\\/\"}}]}<\/script>\n<!-- \/ Yoast SEO plugin. -->","yoast_head_json":{"title":"Bon cadeau Offenburg - Cryopoint","robots":{"index":"index","follow":"follow","max-snippet":"max-snippet:-1","max-image-preview":"max-image-preview:large","max-video-preview":"max-video-preview:-1"},"canonical":"https:\/\/cryopoint.com\/fr\/shop\/bon-cadeau-offenburg\/","og_locale":"fr_FR","og_type":"article","og_title":"Bon cadeau Offenburg - Cryopoint","og_description":"Fais plaisir \u00e0 tes proches avec nos applications ! Nos coupons conviennent \u00e0 diff\u00e9rentes occasions comme No\u00ebl, les anniversaires ou comme une attention de temps en temps. Choisis maintenant un montant et ach\u00e8te le bon. Le bon sera ensuite envoy\u00e9 \u00e0 l'e-mail indiqu\u00e9. Ce bon n'est valable que pour ce site.  Dur\u00e9e de validit\u00e9 : 24 mois","og_url":"https:\/\/cryopoint.com\/fr\/shop\/bon-cadeau-offenburg\/","og_site_name":"Cryopoint","article_modified_time":"2026-04-21T17:31:52+00:00","og_image":[{"width":1500,"height":1500,"url":"https:\/\/cryopoint.com\/wp-content\/uploads\/2024\/02\/cryopoint-gutschein-asset.png","type":"image\/png"}],"twitter_card":"summary_large_image","twitter_misc":{"Dur\u00e9e de lecture estim\u00e9e":"1 minute"},"schema":{"@context":"https:\/\/schema.org","@graph":[{"@type":"WebPage","@id":"https:\/\/cryopoint.com\/fr\/shop\/bon-cadeau-offenburg\/","url":"https:\/\/cryopoint.com\/fr\/shop\/bon-cadeau-offenburg\/","name":"Bon cadeau Offenburg - Cryopoint","isPartOf":{"@id":"https:\/\/cryopoint.com\/#website"},"primaryImageOfPage":{"@id":"https:\/\/cryopoint.com\/fr\/shop\/bon-cadeau-offenburg\/#primaryimage"},"image":{"@id":"https:\/\/cryopoint.com\/fr\/shop\/bon-cadeau-offenburg\/#primaryimage"},"thumbnailUrl":"https:\/\/cryopoint.com\/wp-content\/uploads\/2024\/02\/cryopoint-gutschein-asset.png","datePublished":"2026-04-21T10:35:28+00:00","dateModified":"2026-04-21T17:31:52+00:00","breadcrumb":{"@id":"https:\/\/cryopoint.com\/fr\/shop\/bon-cadeau-offenburg\/#breadcrumb"},"inLanguage":"fr-FR","potentialAction":[{"@type":"ReadAction","target":["https:\/\/cryopoint.com\/fr\/shop\/bon-cadeau-offenburg\/"]}]},{"@type":"ImageObject","inLanguage":"fr-FR","@id":"https:\/\/cryopoint.com\/fr\/shop\/bon-cadeau-offenburg\/#primaryimage","url":"https:\/\/cryopoint.com\/wp-content\/uploads\/2024\/02\/cryopoint-gutschein-asset.png","contentUrl":"https:\/\/cryopoint.com\/wp-content\/uploads\/2024\/02\/cryopoint-gutschein-asset.png","width":1500,"height":1500},{"@type":"BreadcrumbList","@id":"https:\/\/cryopoint.com\/fr\/shop\/bon-cadeau-offenburg\/#breadcrumb","itemListElement":[{"@type":"ListItem","position":1,"name":"Startseite","item":"https:\/\/cryopoint.com\/en\/"},{"@type":"ListItem","position":2,"name":"Products","item":"https:\/\/cryopoint.com\/shop\/"},{"@type":"ListItem","position":3,"name":"Bon cadeau Offenburg"}]},{"@type":"WebSite","@id":"https:\/\/cryopoint.com\/#website","url":"https:\/\/cryopoint.com\/","name":"Cryopoint","description":"Restart Your Body","publisher":{"@id":"https:\/\/cryopoint.com\/#organization"},"potentialAction":[{"@type":"SearchAction","target":{"@type":"EntryPoint","urlTemplate":"https:\/\/cryopoint.com\/?s={search_term_string}"},"query-input":{"@type":"PropertyValueSpecification","valueRequired":true,"valueName":"search_term_string"}}],"inLanguage":"fr-FR"},{"@type":"Organization","@id":"https:\/\/cryopoint.com\/#organization","name":"Cryopoint","url":"https:\/\/cryopoint.com\/","logo":{"@type":"ImageObject","inLanguage":"fr-FR","@id":"https:\/\/cryopoint.com\/#\/schema\/logo\/image\/","url":"https:\/\/cryopoint.com\/wp-content\/uploads\/2022\/05\/312CF1BF-6C51-4D51-8EBA-F2D06CFDF417.jpg","contentUrl":"https:\/\/cryopoint.com\/wp-content\/uploads\/2022\/05\/312CF1BF-6C51-4D51-8EBA-F2D06CFDF417.jpg","width":500,"height":500,"caption":"Cryopoint"},"image":{"@id":"https:\/\/cryopoint.com\/#\/schema\/logo\/image\/"}}]}},"_links":{"self":[{"href":"https:\/\/cryopoint.com\/fr\/wp-json\/wp\/v2\/product\/72851","targetHints":{"allow":["GET"]}}],"collection":[{"href":"https:\/\/cryopoint.com\/fr\/wp-json\/wp\/v2\/product"}],"about":[{"href":"https:\/\/cryopoint.com\/fr\/wp-json\/wp\/v2\/types\/product"}],"wp:featuredmedia":[{"embeddable":true,"href":"https:\/\/cryopoint.com\/fr\/wp-json\/wp\/v2\/media\/47279"}],"wp:attachment":[{"href":"https:\/\/cryopoint.com\/fr\/wp-json\/wp\/v2\/media?parent=72851"}],"wp:term":[{"taxonomy":"product_brand","embeddable":true,"href":"https:\/\/cryopoint.com\/fr\/wp-json\/wp\/v2\/product_brand?post=72851"},{"taxonomy":"product_cat","embeddable":true,"href":"https:\/\/cryopoint.com\/fr\/wp-json\/wp\/v2\/product_cat?post=72851"},{"taxonomy":"product_tag","embeddable":true,"href":"https:\/\/cryopoint.com\/fr\/wp-json\/wp\/v2\/product_tag?post=72851"}],"curies":[{"name":"wp","href":"https:\/\/api.w.org\/{rel}","templated":true}]}}