{"id":42088,"date":"2024-07-23T08:14:25","date_gmt":"2024-07-23T06:14:25","guid":{"rendered":"https:\/\/cryopoint.com\/?post_type=product&#038;p=42088"},"modified":"2026-04-07T09:43:08","modified_gmt":"2026-04-07T07:43:08","slug":"gutschein-rosenheim","status":"publish","type":"product","link":"https:\/\/cryopoint.com\/fr\/shop\/gutschein-rosenheim\/","title":{"rendered":"Rosenheim Gutschein"},"content":{"rendered":"","protected":false},"excerpt":{"rendered":"<p data-pm-slice=\"1 1 []\">Mache deinen Liebsten eine Freude mit unseren Anwendungen! Unsere Gutscheine eignen sich f\u00fcr verschiedene Anl\u00e4sse wie Weihnachten, Geburtstage oder als Aufmerksamkeit zwischendurch. W\u00e4hle jetzt einen Betrag aus und kaufe den Gutschein. Der Gutschein wird im Anschluss an die angegebene E-Mail versendet.<\/p>\n<p>Dieser Gutschein gilt nur f\u00fcr diesen Standort.<\/p>\n<p>G\u00fcltigkeitsdauer: 24 Monate<\/p>\n","protected":false},"featured_media":47277,"template":"","meta":[],"product_brand":[],"product_cat":[124,173],"product_tag":[],"class_list":{"0":"post-42088","1":"product","2":"type-product","3":"status-publish","4":"has-post-thumbnail","6":"product_cat-gutscheine","7":"product_cat-rosenheim","9":"first","10":"instock","11":"taxable","12":"shipping-taxable","13":"purchasable","14":"product-type-pw-gift-card"},"yoast_head":"<!-- This site is optimized with the Yoast SEO plugin v27.3 - https:\/\/yoast.com\/product\/yoast-seo-wordpress\/ -->\n<title>Rosenheim Gutschein - Cryopoint<\/title>\n<meta name=\"robots\" content=\"index, follow, max-snippet:-1, max-image-preview:large, max-video-preview:-1\" \/>\n<link rel=\"canonical\" href=\"https:\/\/cryopoint.com\/shop\/gutschein-rosenheim\/\" \/>\n<meta property=\"og:locale\" content=\"fr_FR\" \/>\n<meta property=\"og:type\" content=\"article\" \/>\n<meta property=\"og:title\" content=\"Rosenheim Gutschein - Cryopoint\" \/>\n<meta property=\"og:description\" content=\"Mache deinen Liebsten eine Freude mit unseren Anwendungen! Unsere Gutscheine eignen sich f\u00fcr verschiedene Anl\u00e4sse wie Weihnachten, Geburtstage oder als Aufmerksamkeit zwischendurch. W\u00e4hle jetzt einen Betrag aus und kaufe den Gutschein. Der Gutschein wird im Anschluss an die angegebene E-Mail versendet. Dieser Gutschein gilt nur f\u00fcr diesen Standort.  G\u00fcltigkeitsdauer: 24 Monate\" \/>\n<meta property=\"og:url\" content=\"https:\/\/cryopoint.com\/shop\/gutschein-rosenheim\/\" \/>\n<meta property=\"og:site_name\" content=\"Cryopoint\" \/>\n<meta property=\"article:modified_time\" content=\"2026-04-07T07:43:08+00:00\" \/>\n<meta property=\"og:image\" content=\"https:\/\/cryopoint.com\/wp-content\/uploads\/2024\/02\/cryopoint-gutschein-asset.png\" \/>\n\t<meta property=\"og:image:width\" content=\"1500\" \/>\n\t<meta property=\"og:image:height\" content=\"1500\" \/>\n\t<meta property=\"og:image:type\" content=\"image\/png\" \/>\n<meta name=\"twitter:card\" content=\"summary_large_image\" \/>\n<meta name=\"twitter:label1\" content=\"Dur\u00e9e de lecture estim\u00e9e\" \/>\n\t<meta name=\"twitter:data1\" content=\"1 minute\" \/>\n<script type=\"application\/ld+json\" class=\"yoast-schema-graph\">{\"@context\":\"https:\\\/\\\/schema.org\",\"@graph\":[{\"@type\":\"WebPage\",\"@id\":\"https:\\\/\\\/cryopoint.com\\\/shop\\\/gutschein-rosenheim\\\/\",\"url\":\"https:\\\/\\\/cryopoint.com\\\/shop\\\/gutschein-rosenheim\\\/\",\"name\":\"Rosenheim Gutschein - Cryopoint\",\"isPartOf\":{\"@id\":\"https:\\\/\\\/cryopoint.com\\\/#website\"},\"primaryImageOfPage\":{\"@id\":\"https:\\\/\\\/cryopoint.com\\\/shop\\\/gutschein-rosenheim\\\/#primaryimage\"},\"image\":{\"@id\":\"https:\\\/\\\/cryopoint.com\\\/shop\\\/gutschein-rosenheim\\\/#primaryimage\"},\"thumbnailUrl\":\"https:\\\/\\\/cryopoint.com\\\/wp-content\\\/uploads\\\/2024\\\/02\\\/cryopoint-gutschein-asset.png\",\"datePublished\":\"2024-07-23T06:14:25+00:00\",\"dateModified\":\"2026-04-07T07:43:08+00:00\",\"breadcrumb\":{\"@id\":\"https:\\\/\\\/cryopoint.com\\\/shop\\\/gutschein-rosenheim\\\/#breadcrumb\"},\"inLanguage\":\"fr-FR\",\"potentialAction\":[{\"@type\":\"ReadAction\",\"target\":[\"https:\\\/\\\/cryopoint.com\\\/shop\\\/gutschein-rosenheim\\\/\"]}]},{\"@type\":\"ImageObject\",\"inLanguage\":\"fr-FR\",\"@id\":\"https:\\\/\\\/cryopoint.com\\\/shop\\\/gutschein-rosenheim\\\/#primaryimage\",\"url\":\"https:\\\/\\\/cryopoint.com\\\/wp-content\\\/uploads\\\/2024\\\/02\\\/cryopoint-gutschein-asset.png\",\"contentUrl\":\"https:\\\/\\\/cryopoint.com\\\/wp-content\\\/uploads\\\/2024\\\/02\\\/cryopoint-gutschein-asset.png\",\"width\":1500,\"height\":1500},{\"@type\":\"BreadcrumbList\",\"@id\":\"https:\\\/\\\/cryopoint.com\\\/shop\\\/gutschein-rosenheim\\\/#breadcrumb\",\"itemListElement\":[{\"@type\":\"ListItem\",\"position\":1,\"name\":\"Startseite\",\"item\":\"https:\\\/\\\/cryopoint.com\\\/en\\\/\"},{\"@type\":\"ListItem\",\"position\":2,\"name\":\"Products\",\"item\":\"https:\\\/\\\/cryopoint.com\\\/shop\\\/\"},{\"@type\":\"ListItem\",\"position\":3,\"name\":\"Rosenheim Gutschein\"}]},{\"@type\":\"WebSite\",\"@id\":\"https:\\\/\\\/cryopoint.com\\\/#website\",\"url\":\"https:\\\/\\\/cryopoint.com\\\/\",\"name\":\"Cryopoint\",\"description\":\"Restart Your Body\",\"publisher\":{\"@id\":\"https:\\\/\\\/cryopoint.com\\\/#organization\"},\"potentialAction\":[{\"@type\":\"SearchAction\",\"target\":{\"@type\":\"EntryPoint\",\"urlTemplate\":\"https:\\\/\\\/cryopoint.com\\\/?s={search_term_string}\"},\"query-input\":{\"@type\":\"PropertyValueSpecification\",\"valueRequired\":true,\"valueName\":\"search_term_string\"}}],\"inLanguage\":\"fr-FR\"},{\"@type\":\"Organization\",\"@id\":\"https:\\\/\\\/cryopoint.com\\\/#organization\",\"name\":\"Cryopoint\",\"url\":\"https:\\\/\\\/cryopoint.com\\\/\",\"logo\":{\"@type\":\"ImageObject\",\"inLanguage\":\"fr-FR\",\"@id\":\"https:\\\/\\\/cryopoint.com\\\/#\\\/schema\\\/logo\\\/image\\\/\",\"url\":\"https:\\\/\\\/cryopoint.com\\\/wp-content\\\/uploads\\\/2022\\\/05\\\/312CF1BF-6C51-4D51-8EBA-F2D06CFDF417.jpg\",\"contentUrl\":\"https:\\\/\\\/cryopoint.com\\\/wp-content\\\/uploads\\\/2022\\\/05\\\/312CF1BF-6C51-4D51-8EBA-F2D06CFDF417.jpg\",\"width\":500,\"height\":500,\"caption\":\"Cryopoint\"},\"image\":{\"@id\":\"https:\\\/\\\/cryopoint.com\\\/#\\\/schema\\\/logo\\\/image\\\/\"}}]}<\/script>\n<!-- \/ Yoast SEO plugin. -->","yoast_head_json":{"title":"Rosenheim Gutschein - Cryopoint","robots":{"index":"index","follow":"follow","max-snippet":"max-snippet:-1","max-image-preview":"max-image-preview:large","max-video-preview":"max-video-preview:-1"},"canonical":"https:\/\/cryopoint.com\/shop\/gutschein-rosenheim\/","og_locale":"fr_FR","og_type":"article","og_title":"Rosenheim Gutschein - Cryopoint","og_description":"Mache deinen Liebsten eine Freude mit unseren Anwendungen! Unsere Gutscheine eignen sich f\u00fcr verschiedene Anl\u00e4sse wie Weihnachten, Geburtstage oder als Aufmerksamkeit zwischendurch. W\u00e4hle jetzt einen Betrag aus und kaufe den Gutschein. Der Gutschein wird im Anschluss an die angegebene E-Mail versendet. Dieser Gutschein gilt nur f\u00fcr diesen Standort.  G\u00fcltigkeitsdauer: 24 Monate","og_url":"https:\/\/cryopoint.com\/shop\/gutschein-rosenheim\/","og_site_name":"Cryopoint","article_modified_time":"2026-04-07T07:43:08+00:00","og_image":[{"width":1500,"height":1500,"url":"https:\/\/cryopoint.com\/wp-content\/uploads\/2024\/02\/cryopoint-gutschein-asset.png","type":"image\/png"}],"twitter_card":"summary_large_image","twitter_misc":{"Dur\u00e9e de lecture estim\u00e9e":"1 minute"},"schema":{"@context":"https:\/\/schema.org","@graph":[{"@type":"WebPage","@id":"https:\/\/cryopoint.com\/shop\/gutschein-rosenheim\/","url":"https:\/\/cryopoint.com\/shop\/gutschein-rosenheim\/","name":"Rosenheim Gutschein - Cryopoint","isPartOf":{"@id":"https:\/\/cryopoint.com\/#website"},"primaryImageOfPage":{"@id":"https:\/\/cryopoint.com\/shop\/gutschein-rosenheim\/#primaryimage"},"image":{"@id":"https:\/\/cryopoint.com\/shop\/gutschein-rosenheim\/#primaryimage"},"thumbnailUrl":"https:\/\/cryopoint.com\/wp-content\/uploads\/2024\/02\/cryopoint-gutschein-asset.png","datePublished":"2024-07-23T06:14:25+00:00","dateModified":"2026-04-07T07:43:08+00:00","breadcrumb":{"@id":"https:\/\/cryopoint.com\/shop\/gutschein-rosenheim\/#breadcrumb"},"inLanguage":"fr-FR","potentialAction":[{"@type":"ReadAction","target":["https:\/\/cryopoint.com\/shop\/gutschein-rosenheim\/"]}]},{"@type":"ImageObject","inLanguage":"fr-FR","@id":"https:\/\/cryopoint.com\/shop\/gutschein-rosenheim\/#primaryimage","url":"https:\/\/cryopoint.com\/wp-content\/uploads\/2024\/02\/cryopoint-gutschein-asset.png","contentUrl":"https:\/\/cryopoint.com\/wp-content\/uploads\/2024\/02\/cryopoint-gutschein-asset.png","width":1500,"height":1500},{"@type":"BreadcrumbList","@id":"https:\/\/cryopoint.com\/shop\/gutschein-rosenheim\/#breadcrumb","itemListElement":[{"@type":"ListItem","position":1,"name":"Startseite","item":"https:\/\/cryopoint.com\/en\/"},{"@type":"ListItem","position":2,"name":"Products","item":"https:\/\/cryopoint.com\/shop\/"},{"@type":"ListItem","position":3,"name":"Rosenheim Gutschein"}]},{"@type":"WebSite","@id":"https:\/\/cryopoint.com\/#website","url":"https:\/\/cryopoint.com\/","name":"Cryopoint","description":"Restart Your Body","publisher":{"@id":"https:\/\/cryopoint.com\/#organization"},"potentialAction":[{"@type":"SearchAction","target":{"@type":"EntryPoint","urlTemplate":"https:\/\/cryopoint.com\/?s={search_term_string}"},"query-input":{"@type":"PropertyValueSpecification","valueRequired":true,"valueName":"search_term_string"}}],"inLanguage":"fr-FR"},{"@type":"Organization","@id":"https:\/\/cryopoint.com\/#organization","name":"Cryopoint","url":"https:\/\/cryopoint.com\/","logo":{"@type":"ImageObject","inLanguage":"fr-FR","@id":"https:\/\/cryopoint.com\/#\/schema\/logo\/image\/","url":"https:\/\/cryopoint.com\/wp-content\/uploads\/2022\/05\/312CF1BF-6C51-4D51-8EBA-F2D06CFDF417.jpg","contentUrl":"https:\/\/cryopoint.com\/wp-content\/uploads\/2022\/05\/312CF1BF-6C51-4D51-8EBA-F2D06CFDF417.jpg","width":500,"height":500,"caption":"Cryopoint"},"image":{"@id":"https:\/\/cryopoint.com\/#\/schema\/logo\/image\/"}}]}},"_links":{"self":[{"href":"https:\/\/cryopoint.com\/fr\/wp-json\/wp\/v2\/product\/42088","targetHints":{"allow":["GET"]}}],"collection":[{"href":"https:\/\/cryopoint.com\/fr\/wp-json\/wp\/v2\/product"}],"about":[{"href":"https:\/\/cryopoint.com\/fr\/wp-json\/wp\/v2\/types\/product"}],"wp:featuredmedia":[{"embeddable":true,"href":"https:\/\/cryopoint.com\/fr\/wp-json\/wp\/v2\/media\/47277"}],"wp:attachment":[{"href":"https:\/\/cryopoint.com\/fr\/wp-json\/wp\/v2\/media?parent=42088"}],"wp:term":[{"taxonomy":"product_brand","embeddable":true,"href":"https:\/\/cryopoint.com\/fr\/wp-json\/wp\/v2\/product_brand?post=42088"},{"taxonomy":"product_cat","embeddable":true,"href":"https:\/\/cryopoint.com\/fr\/wp-json\/wp\/v2\/product_cat?post=42088"},{"taxonomy":"product_tag","embeddable":true,"href":"https:\/\/cryopoint.com\/fr\/wp-json\/wp\/v2\/product_tag?post=42088"}],"curies":[{"name":"wp","href":"https:\/\/api.w.org\/{rel}","templated":true}]}}