{"id":32025,"date":"2022-06-17T13:23:33","date_gmt":"2022-06-17T11:23:33","guid":{"rendered":"https:\/\/cryopoint.com\/shop\/bon-cadeau-de-hanovre\/"},"modified":"2025-10-24T13:55:02","modified_gmt":"2025-10-24T11:55:02","slug":"bon-cadeau-de-hanovre","status":"publish","type":"product","link":"https:\/\/cryopoint.com\/fr\/shop\/bon-cadeau-de-hanovre\/","title":{"rendered":"Bon cadeau de Hanovre"},"content":{"rendered":"","protected":false},"excerpt":{"rendered":"<p>Faites plaisir \u00e0 vos proches avec nos soins ! Nos bons cadeaux sont parfaits pour diverses occasions telles que No\u00ebl, les anniversaires ou comme cadeau spontan\u00e9. S\u00e9lectionnez un montant d\u00e8s maintenant et achetez le bon cadeau. Le bon cadeau sera ensuite envoy\u00e9 \u00e0 l&rsquo;adresse e-mail fournie.<\/p>\n<p>Ce bon cadeau n&rsquo;est valable que pour cet \u00e9tablissement.<\/p>\n<p>Dur\u00e9e de validit\u00e9 : 24 mois<\/p>\n","protected":false},"featured_media":47279,"template":"","meta":[],"product_brand":[],"product_cat":[136,152],"product_tag":[],"class_list":{"0":"post-32025","1":"product","2":"type-product","3":"status-publish","4":"has-post-thumbnail","6":"product_cat-coupons-fr-2","7":"product_cat-hanovre","9":"first","10":"instock","11":"taxable","12":"shipping-taxable","13":"purchasable","14":"product-type-pw-gift-card"},"yoast_head":"<!-- This site is optimized with the Yoast SEO plugin v27.3 - https:\/\/yoast.com\/product\/yoast-seo-wordpress\/ -->\n<title>Bon cadeau de Hanovre - Cryopoint<\/title>\n<meta name=\"robots\" content=\"index, follow, max-snippet:-1, max-image-preview:large, max-video-preview:-1\" \/>\n<link rel=\"canonical\" href=\"https:\/\/cryopoint.com\/fr\/shop\/bon-cadeau-de-hanovre\/\" \/>\n<meta property=\"og:locale\" content=\"fr_FR\" \/>\n<meta property=\"og:type\" content=\"article\" \/>\n<meta property=\"og:title\" content=\"Bon cadeau de Hanovre - Cryopoint\" \/>\n<meta property=\"og:description\" content=\"Faites plaisir \u00e0 vos proches avec nos soins ! Nos bons cadeaux sont parfaits pour diverses occasions telles que No\u00ebl, les anniversaires ou comme cadeau spontan\u00e9. S\u00e9lectionnez un montant d\u00e8s maintenant et achetez le bon cadeau. Le bon cadeau sera ensuite envoy\u00e9 \u00e0 l&#039;adresse e-mail fournie.  Ce bon cadeau n&#039;est valable que pour cet \u00e9tablissement.  Dur\u00e9e de validit\u00e9 : 24 mois\" \/>\n<meta property=\"og:url\" content=\"https:\/\/cryopoint.com\/fr\/shop\/bon-cadeau-de-hanovre\/\" \/>\n<meta property=\"og:site_name\" content=\"Cryopoint\" \/>\n<meta property=\"article:modified_time\" content=\"2025-10-24T11:55:02+00:00\" \/>\n<meta property=\"og:image\" content=\"https:\/\/cryopoint.com\/wp-content\/uploads\/2022\/06\/Rabatt-auf-Cryopoint-Gutscheine-1.png\" \/>\n\t<meta property=\"og:image:width\" content=\"2048\" \/>\n\t<meta property=\"og:image:height\" content=\"2048\" \/>\n\t<meta property=\"og:image:type\" content=\"image\/png\" \/>\n<meta name=\"twitter:card\" content=\"summary_large_image\" \/>\n<meta name=\"twitter:label1\" content=\"Dur\u00e9e de lecture estim\u00e9e\" \/>\n\t<meta name=\"twitter:data1\" content=\"1 minute\" \/>\n<script type=\"application\/ld+json\" class=\"yoast-schema-graph\">{\"@context\":\"https:\\\/\\\/schema.org\",\"@graph\":[{\"@type\":\"WebPage\",\"@id\":\"https:\\\/\\\/cryopoint.com\\\/fr\\\/shop\\\/bon-cadeau-de-hanovre\\\/\",\"url\":\"https:\\\/\\\/cryopoint.com\\\/fr\\\/shop\\\/bon-cadeau-de-hanovre\\\/\",\"name\":\"Bon cadeau de Hanovre - Cryopoint\",\"isPartOf\":{\"@id\":\"https:\\\/\\\/cryopoint.com\\\/#website\"},\"primaryImageOfPage\":{\"@id\":\"https:\\\/\\\/cryopoint.com\\\/fr\\\/shop\\\/bon-cadeau-de-hanovre\\\/#primaryimage\"},\"image\":{\"@id\":\"https:\\\/\\\/cryopoint.com\\\/fr\\\/shop\\\/bon-cadeau-de-hanovre\\\/#primaryimage\"},\"thumbnailUrl\":\"https:\\\/\\\/cryopoint.com\\\/wp-content\\\/uploads\\\/2024\\\/02\\\/cryopoint-gutschein-asset.png\",\"datePublished\":\"2022-06-17T11:23:33+00:00\",\"dateModified\":\"2025-10-24T11:55:02+00:00\",\"breadcrumb\":{\"@id\":\"https:\\\/\\\/cryopoint.com\\\/fr\\\/shop\\\/bon-cadeau-de-hanovre\\\/#breadcrumb\"},\"inLanguage\":\"fr-FR\",\"potentialAction\":[{\"@type\":\"ReadAction\",\"target\":[\"https:\\\/\\\/cryopoint.com\\\/fr\\\/shop\\\/bon-cadeau-de-hanovre\\\/\"]}]},{\"@type\":\"ImageObject\",\"inLanguage\":\"fr-FR\",\"@id\":\"https:\\\/\\\/cryopoint.com\\\/fr\\\/shop\\\/bon-cadeau-de-hanovre\\\/#primaryimage\",\"url\":\"https:\\\/\\\/cryopoint.com\\\/wp-content\\\/uploads\\\/2024\\\/02\\\/cryopoint-gutschein-asset.png\",\"contentUrl\":\"https:\\\/\\\/cryopoint.com\\\/wp-content\\\/uploads\\\/2024\\\/02\\\/cryopoint-gutschein-asset.png\",\"width\":1500,\"height\":1500},{\"@type\":\"BreadcrumbList\",\"@id\":\"https:\\\/\\\/cryopoint.com\\\/fr\\\/shop\\\/bon-cadeau-de-hanovre\\\/#breadcrumb\",\"itemListElement\":[{\"@type\":\"ListItem\",\"position\":1,\"name\":\"Startseite\",\"item\":\"https:\\\/\\\/cryopoint.com\\\/en\\\/\"},{\"@type\":\"ListItem\",\"position\":2,\"name\":\"Products\",\"item\":\"https:\\\/\\\/cryopoint.com\\\/shop\\\/\"},{\"@type\":\"ListItem\",\"position\":3,\"name\":\"Bon cadeau de Hanovre\"}]},{\"@type\":\"WebSite\",\"@id\":\"https:\\\/\\\/cryopoint.com\\\/#website\",\"url\":\"https:\\\/\\\/cryopoint.com\\\/\",\"name\":\"Cryopoint\",\"description\":\"Restart Your Body\",\"publisher\":{\"@id\":\"https:\\\/\\\/cryopoint.com\\\/#organization\"},\"potentialAction\":[{\"@type\":\"SearchAction\",\"target\":{\"@type\":\"EntryPoint\",\"urlTemplate\":\"https:\\\/\\\/cryopoint.com\\\/?s={search_term_string}\"},\"query-input\":{\"@type\":\"PropertyValueSpecification\",\"valueRequired\":true,\"valueName\":\"search_term_string\"}}],\"inLanguage\":\"fr-FR\"},{\"@type\":\"Organization\",\"@id\":\"https:\\\/\\\/cryopoint.com\\\/#organization\",\"name\":\"Cryopoint\",\"url\":\"https:\\\/\\\/cryopoint.com\\\/\",\"logo\":{\"@type\":\"ImageObject\",\"inLanguage\":\"fr-FR\",\"@id\":\"https:\\\/\\\/cryopoint.com\\\/#\\\/schema\\\/logo\\\/image\\\/\",\"url\":\"https:\\\/\\\/cryopoint.com\\\/wp-content\\\/uploads\\\/2022\\\/05\\\/312CF1BF-6C51-4D51-8EBA-F2D06CFDF417.jpg\",\"contentUrl\":\"https:\\\/\\\/cryopoint.com\\\/wp-content\\\/uploads\\\/2022\\\/05\\\/312CF1BF-6C51-4D51-8EBA-F2D06CFDF417.jpg\",\"width\":500,\"height\":500,\"caption\":\"Cryopoint\"},\"image\":{\"@id\":\"https:\\\/\\\/cryopoint.com\\\/#\\\/schema\\\/logo\\\/image\\\/\"}}]}<\/script>\n<!-- \/ Yoast SEO plugin. -->","yoast_head_json":{"title":"Bon cadeau de Hanovre - Cryopoint","robots":{"index":"index","follow":"follow","max-snippet":"max-snippet:-1","max-image-preview":"max-image-preview:large","max-video-preview":"max-video-preview:-1"},"canonical":"https:\/\/cryopoint.com\/fr\/shop\/bon-cadeau-de-hanovre\/","og_locale":"fr_FR","og_type":"article","og_title":"Bon cadeau de Hanovre - Cryopoint","og_description":"Faites plaisir \u00e0 vos proches avec nos soins ! Nos bons cadeaux sont parfaits pour diverses occasions telles que No\u00ebl, les anniversaires ou comme cadeau spontan\u00e9. S\u00e9lectionnez un montant d\u00e8s maintenant et achetez le bon cadeau. Le bon cadeau sera ensuite envoy\u00e9 \u00e0 l'adresse e-mail fournie.  Ce bon cadeau n'est valable que pour cet \u00e9tablissement.  Dur\u00e9e de validit\u00e9 : 24 mois","og_url":"https:\/\/cryopoint.com\/fr\/shop\/bon-cadeau-de-hanovre\/","og_site_name":"Cryopoint","article_modified_time":"2025-10-24T11:55:02+00:00","og_image":[{"width":2048,"height":2048,"url":"https:\/\/cryopoint.com\/wp-content\/uploads\/2022\/06\/Rabatt-auf-Cryopoint-Gutscheine-1.png","type":"image\/png"}],"twitter_card":"summary_large_image","twitter_misc":{"Dur\u00e9e de lecture estim\u00e9e":"1 minute"},"schema":{"@context":"https:\/\/schema.org","@graph":[{"@type":"WebPage","@id":"https:\/\/cryopoint.com\/fr\/shop\/bon-cadeau-de-hanovre\/","url":"https:\/\/cryopoint.com\/fr\/shop\/bon-cadeau-de-hanovre\/","name":"Bon cadeau de Hanovre - Cryopoint","isPartOf":{"@id":"https:\/\/cryopoint.com\/#website"},"primaryImageOfPage":{"@id":"https:\/\/cryopoint.com\/fr\/shop\/bon-cadeau-de-hanovre\/#primaryimage"},"image":{"@id":"https:\/\/cryopoint.com\/fr\/shop\/bon-cadeau-de-hanovre\/#primaryimage"},"thumbnailUrl":"https:\/\/cryopoint.com\/wp-content\/uploads\/2024\/02\/cryopoint-gutschein-asset.png","datePublished":"2022-06-17T11:23:33+00:00","dateModified":"2025-10-24T11:55:02+00:00","breadcrumb":{"@id":"https:\/\/cryopoint.com\/fr\/shop\/bon-cadeau-de-hanovre\/#breadcrumb"},"inLanguage":"fr-FR","potentialAction":[{"@type":"ReadAction","target":["https:\/\/cryopoint.com\/fr\/shop\/bon-cadeau-de-hanovre\/"]}]},{"@type":"ImageObject","inLanguage":"fr-FR","@id":"https:\/\/cryopoint.com\/fr\/shop\/bon-cadeau-de-hanovre\/#primaryimage","url":"https:\/\/cryopoint.com\/wp-content\/uploads\/2024\/02\/cryopoint-gutschein-asset.png","contentUrl":"https:\/\/cryopoint.com\/wp-content\/uploads\/2024\/02\/cryopoint-gutschein-asset.png","width":1500,"height":1500},{"@type":"BreadcrumbList","@id":"https:\/\/cryopoint.com\/fr\/shop\/bon-cadeau-de-hanovre\/#breadcrumb","itemListElement":[{"@type":"ListItem","position":1,"name":"Startseite","item":"https:\/\/cryopoint.com\/en\/"},{"@type":"ListItem","position":2,"name":"Products","item":"https:\/\/cryopoint.com\/shop\/"},{"@type":"ListItem","position":3,"name":"Bon cadeau de Hanovre"}]},{"@type":"WebSite","@id":"https:\/\/cryopoint.com\/#website","url":"https:\/\/cryopoint.com\/","name":"Cryopoint","description":"Restart Your Body","publisher":{"@id":"https:\/\/cryopoint.com\/#organization"},"potentialAction":[{"@type":"SearchAction","target":{"@type":"EntryPoint","urlTemplate":"https:\/\/cryopoint.com\/?s={search_term_string}"},"query-input":{"@type":"PropertyValueSpecification","valueRequired":true,"valueName":"search_term_string"}}],"inLanguage":"fr-FR"},{"@type":"Organization","@id":"https:\/\/cryopoint.com\/#organization","name":"Cryopoint","url":"https:\/\/cryopoint.com\/","logo":{"@type":"ImageObject","inLanguage":"fr-FR","@id":"https:\/\/cryopoint.com\/#\/schema\/logo\/image\/","url":"https:\/\/cryopoint.com\/wp-content\/uploads\/2022\/05\/312CF1BF-6C51-4D51-8EBA-F2D06CFDF417.jpg","contentUrl":"https:\/\/cryopoint.com\/wp-content\/uploads\/2022\/05\/312CF1BF-6C51-4D51-8EBA-F2D06CFDF417.jpg","width":500,"height":500,"caption":"Cryopoint"},"image":{"@id":"https:\/\/cryopoint.com\/#\/schema\/logo\/image\/"}}]}},"_links":{"self":[{"href":"https:\/\/cryopoint.com\/fr\/wp-json\/wp\/v2\/product\/32025","targetHints":{"allow":["GET"]}}],"collection":[{"href":"https:\/\/cryopoint.com\/fr\/wp-json\/wp\/v2\/product"}],"about":[{"href":"https:\/\/cryopoint.com\/fr\/wp-json\/wp\/v2\/types\/product"}],"wp:featuredmedia":[{"embeddable":true,"href":"https:\/\/cryopoint.com\/fr\/wp-json\/wp\/v2\/media\/47279"}],"wp:attachment":[{"href":"https:\/\/cryopoint.com\/fr\/wp-json\/wp\/v2\/media?parent=32025"}],"wp:term":[{"taxonomy":"product_brand","embeddable":true,"href":"https:\/\/cryopoint.com\/fr\/wp-json\/wp\/v2\/product_brand?post=32025"},{"taxonomy":"product_cat","embeddable":true,"href":"https:\/\/cryopoint.com\/fr\/wp-json\/wp\/v2\/product_cat?post=32025"},{"taxonomy":"product_tag","embeddable":true,"href":"https:\/\/cryopoint.com\/fr\/wp-json\/wp\/v2\/product_tag?post=32025"}],"curies":[{"name":"wp","href":"https:\/\/api.w.org\/{rel}","templated":true}]}}