{"id":33973,"date":"2024-01-09T14:48:29","date_gmt":"2024-01-09T13:48:29","guid":{"rendered":"https:\/\/cryopoint.com\/?page_id=33973"},"modified":"2025-11-20T15:41:17","modified_gmt":"2025-11-20T14:41:17","slug":"blog","status":"publish","type":"page","link":"https:\/\/cryopoint.com\/fr\/blog\/","title":{"rendered":"Blog"},"content":{"rendered":"<div class=\"wpb-content-wrapper\"><p>[vc_section full_width=\u00a0\u00bbstretch_row\u00a0\u00bb pix_over_visibility=\u00a0\u00bb\u00a0\u00bb bottom_divider_select=\u00a0\u00bbdynamic\u00a0\u00bb bottom_moving_divider_color=\u00a0\u00bb%5B%7B%22d_color_1%22%3A%22rgba(0%2C35%2C67%2C0.6)%22%2C%22d_color_2%22%3A%22%23f8f9fa%22%7D%2C%7B%22d_color_1%22%3A%22rgba(0%2C35%2C67%2C0.3)%22%2C%22d_color_2%22%3A%22%23f8f9fa%22%7D%2C%7B%22d_color_1%22%3A%22%23FBFAF6%22%2C%22d_color_2%22%3A%22%23f8f9fa%22%7D%5D\u00a0\u00bb pix_overlay_color=\u00a0\u00bbblack\u00a0\u00bb css=\u00a0\u00bb.vc_custom_1763649456080{padding-top: 50px !important;padding-bottom: 120px !important;background-image: url(https:\/\/cryopoint.com\/wp-content\/uploads\/2022\/05\/B9F4FBB3-DE52-4282-B3B1-B9BC146A7562.jpg?id=14251) !important;}\u00a0\u00bb pix_overlay_opacity=\u00a0\u00bb0.8&Prime; el_class=\u00a0\u00bbfranchisepartner-werden-hero-section\u00a0\u00bb][vc_row full_width=\u00a0\u00bbstretch_row\u00a0\u00bb content_placement=\u00a0\u00bbmiddle\u00a0\u00bb pix_particles_check=\u00a0\u00bb\u00a0\u00bb][vc_column responsive_css=\u00a0\u00bb{\u00ab\u00a0pix_res_sm_mt\u00ab\u00a0:\u00ab\u00a050\u00ab\u00a0,\u00ab\u00a0pix_res_md_mt\u00ab\u00a0:\u00ab\u00a050\u00ab\u00a0}\u00a0\u00bb css=\u00a0\u00bb.vc_custom_1653481485848{margin-top: 150px !important;}\u00a0\u00bb]<div class=\"pix-element-div w-100 text-left\"><span class=\"pix-badge-element h6 d-inline-flex mr-1 animate-in\" data-anim-type=\"fade-in-down\" data-anim-delay=\"100\"><span class=\"badge font-weight-bold  bg-white  vc_custom_1763649476712  \" style=\" \"><span class=\"text-brown\" style=\"\">Renseigne-toi<\/span><\/span><\/span><\/div><div id=\"el1704807002923-d6f8f473-3f4a\" class=\"mb-3 text-left  vc_custom_1763649483328\"><h2 class=\"mb-32 pix-sliding-headline-2 animate-in font-weight-bold secondary-font \" data-anim-type=\"pix-sliding-text\" data-class=\"secondary-font text-white\" style=\"\"><span class=\"slide-in-container \"><span class=\"pix-sliding-item secondary-font text-white\" style=\"transition-delay: 0ms;\">D\u00e9couvre&#32;<\/span><\/span> <span class=\"slide-in-container \"><span class=\"pix-sliding-item secondary-font text-white\" style=\"transition-delay: 150ms;\">Cryopoint&#32;<\/span><\/span> <span class=\"slide-in-container \"><span class=\"pix-sliding-item secondary-font text-white\" style=\"transition-delay: 300ms;\">!&#32;<\/span><\/span> <\/h2><\/div><div class=\"pix-el-text w-100 text-left  vc_custom_1763649502738\" ><div class=\"d-inline-block\" style=\"max-width:600px;\"><p class=\"text-18  text-white text-left font-weight-bold\" ><span class=\"text-white animate-in d-inline-block\" data-anim-delay=\"200\" data-anim-type=\"fade-in-up\">CRYO est la science qui consiste \u00e0 exposer le corps \u00e0 des temp\u00e9ratures inf\u00e9rieures au point de cong\u00e9lation afin d&rsquo;obtenir diff\u00e9rents avantages pour la sant\u00e9 physique et mentale. En savoir plus dans nos brochures !<\/span><\/p><\/div><\/div>[\/vc_column][\/vc_row][vc_row pix_particles_check=\u00a0\u00bb\u00a0\u00bb css=\u00a0\u00bb.vc_custom_1704808763027{padding-top: 40px !important;padding-bottom: 40px !important;}\u00a0\u00bb][vc_column]<div id=\"marquee-159517367\" class=\"pix-marquee-element d-flex \" ><div class=\"pix-marquee  pix-pause-hover pix-gray-effect \" data-base-velocity=\"100\" data-speed=\"50\"><div class=\"marquee__inner \" aria-hidden=\"true\"><h6 class=\"pix-marquee-item text-white font-weight-bold heading-font\" style=\"\">EISBOX<\/h6><h6 class=\"pix-marquee-item text-white font-weight-bold heading-font\" style=\"\">CRYOSHAPER<\/h6><h6 class=\"pix-marquee-item text-white font-weight-bold heading-font\" style=\"\">BOA LYMPH MASSAGE<\/h6><h6 class=\"pix-marquee-item text-white font-weight-bold heading-font\" style=\"\">CRYOFACIAL<\/h6><h6 class=\"pix-marquee-item text-white font-weight-bold heading-font\" style=\"\">CRYOSPOT<\/h6><h6 class=\"pix-marquee-item text-white font-weight-bold heading-font\" style=\"\">ARMSTRONG<\/h6><a href=\"#\" ><h6 class=\"pix-marquee-item text-white font-weight-bold heading-font\" style=\"\">DRY FLOATING<\/h6><\/a><\/div><\/div><\/div>[\/vc_column][\/vc_row][\/vc_section][vc_section pix_over_visibility=\u00a0\u00bb\u00a0\u00bb css=\u00a0\u00bb.vc_custom_1704807115319{margin-top: 20px !important;margin-bottom: 50px !important;padding-top: 50px !important;}\u00a0\u00bb][vc_row pix_particles_check=\u00a0\u00bb\u00a0\u00bb][vc_column width=\u00a0\u00bb1\/3&Prime; responsive_css=\u00a0\u00bb{\u00ab\u00a0pix_res_sm_pb\u00ab\u00a0:\u00ab\u00a010px\u00ab\u00a0,\u00ab\u00a0pix_res_sm_mb\u00ab\u00a0:\u00ab\u00a010px\u00ab\u00a0,\u00ab\u00a0pix_res_md_pb\u00ab\u00a0:\u00ab\u00a010px\u00ab\u00a0,\u00ab\u00a0pix_res_md_mb\u00ab\u00a0:\u00ab\u00a010px\u00ab\u00a0}\u00a0\u00bb]<div class=\"pix-promo-box card w-100 bg-gray-8  pix-hover-item rounded-lg position-relative overflow-hidden text-white    text-left w-100 d-block\"  ><img decoding=\"async\" data-src=\"https:\/\/cryopoint.com\/wp-content\/uploads\/2024\/01\/7RV06564-scaled-1.jpg\" class=\"card-img pix-bg-image pix-img-scale h-100 rounded-lg pix-opacity-3 pix-hover-opacity-6 lazyload\" alt=\"Perdre du poids sans faire de sport\" src=\"data:image\/svg+xml;base64,PHN2ZyB3aWR0aD0iMSIgaGVpZ2h0PSIxIiB4bWxucz0iaHR0cDovL3d3dy53My5vcmcvMjAwMC9zdmciPjwvc3ZnPg==\" style=\"--smush-placeholder-width: 1707px; --smush-placeholder-aspect-ratio: 1707\/2560;\"><a href=\"\/abnehmen-ohne-sport\/\" target=\"_blank\" class=\"d-inline-block w-100 pix-img-overlay pix-p-20 d-flex align-items-end\" style=\"min-height:400px;\"><div class=\"w-100\"><div class=\"\"><span class=\"pix-badge-element custom d-inline-flex mr-1 \"  ><span class=\"badge font-weight-bold  bg-white   \" style=\"font-size:12px; \"><span class=\"text-brown\" style=\"\">Armstrong<\/span><\/span><\/span><\/div><h5 class=\"card-title font-weight-bold text-white pix-my-10\" style=\"\">Perdre du poids sans faire de sport<\/h5><span class=\"pix-promo-box-link d-flex align-items-center font-weight-bold text-light-opacity-6 \" ><span>Lire maintenant<\/span><svg class=\"pixfort-icon pix-hover-right pix-hover-item pix-ml-5\" width=\"24\" height=\"24\"  data-name=\"Line\/pixfort-icon-arrow-right-2\" viewBox=\"2 2 20 20\"><polyline fill=\"none\" stroke=\"var(--pf-icon-color)\" stroke-linecap=\"round\" stroke-linejoin=\"round\" stroke-width=\"var(--pf-icon-stroke-width)\" points=\"9.5 17 14.5 12 9.5 7\"\/><\/svg><\/span><\/div><\/a><\/div>[\/vc_column][vc_column width=\u00a0\u00bb1\/3&Prime; responsive_css=\u00a0\u00bb{\u00ab\u00a0pix_res_sm_pb\u00ab\u00a0:\u00ab\u00a010px\u00ab\u00a0,\u00ab\u00a0pix_res_sm_mb\u00ab\u00a0:\u00ab\u00a010px\u00ab\u00a0,\u00ab\u00a0pix_res_md_pb\u00ab\u00a0:\u00ab\u00a010px\u00ab\u00a0,\u00ab\u00a0pix_res_md_mb\u00ab\u00a0:\u00ab\u00a010px\u00ab\u00a0}\u00a0\u00bb]<div class=\"pix-promo-box card w-100 bg-gray-8  pix-hover-item rounded-lg position-relative overflow-hidden text-white    text-left w-100 d-block\"  ><img decoding=\"async\" data-src=\"https:\/\/cryopoint.com\/wp-content\/uploads\/2024\/01\/7RV06307-scaled-1.jpg\" class=\"card-img pix-bg-image pix-img-scale h-100 rounded-lg pix-opacity-3 pix-hover-opacity-6 lazyload\" alt=\"R\u00e9volutionne ton entra\u00eenement pour les fesses avec Armstrong chez Cryopoint\" src=\"data:image\/svg+xml;base64,PHN2ZyB3aWR0aD0iMSIgaGVpZ2h0PSIxIiB4bWxucz0iaHR0cDovL3d3dy53My5vcmcvMjAwMC9zdmciPjwvc3ZnPg==\" style=\"--smush-placeholder-width: 1707px; --smush-placeholder-aspect-ratio: 1707\/2560;\"><a href=\"\/revolutioniere-dein-po-training-mit-armstrong-bei-cryopoint\/\" target=\"_blank\" class=\"d-inline-block w-100 pix-img-overlay pix-p-20 d-flex align-items-end\" style=\"min-height:400px;\"><div class=\"w-100\"><div class=\"\"><span class=\"pix-badge-element custom d-inline-flex mr-1 \"  ><span class=\"badge font-weight-bold  bg-white   \" style=\"font-size:12px; \"><span class=\"text-brown\" style=\"\">Armstrong<\/span><\/span><\/span><\/div><h5 class=\"card-title font-weight-bold text-white pix-my-10\" style=\"\">R\u00e9volutionne ton entra\u00eenement pour les fesses avec Armstrong chez Cryopoint<\/h5><span class=\"pix-promo-box-link d-flex align-items-center font-weight-bold text-light-opacity-6 \" ><span>Lire maintenant<\/span><svg class=\"pixfort-icon pix-hover-right pix-hover-item pix-ml-5\" width=\"24\" height=\"24\"  data-name=\"Line\/pixfort-icon-arrow-right-2\" viewBox=\"2 2 20 20\"><polyline fill=\"none\" stroke=\"var(--pf-icon-color)\" stroke-linecap=\"round\" stroke-linejoin=\"round\" stroke-width=\"var(--pf-icon-stroke-width)\" points=\"9.5 17 14.5 12 9.5 7\"\/><\/svg><\/span><\/div><\/a><\/div>[\/vc_column][vc_column width=\u00a0\u00bb1\/3&Prime;]<div class=\"pix-promo-box card w-100 bg-gray-8  pix-hover-item rounded-lg position-relative overflow-hidden text-white    text-left w-100 d-block\"  ><img decoding=\"async\" data-src=\"https:\/\/cryopoint.com\/wp-content\/uploads\/2023\/12\/DSC07682-min-scaled.jpg\" class=\"card-img pix-bg-image pix-img-scale h-100 rounded-lg pix-opacity-3 pix-hover-opacity-6 lazyload\" alt=\"Une nouvelle d\u00e9finition du bodyforming : Armstrong chez Cryopoint\" src=\"data:image\/svg+xml;base64,PHN2ZyB3aWR0aD0iMSIgaGVpZ2h0PSIxIiB4bWxucz0iaHR0cDovL3d3dy53My5vcmcvMjAwMC9zdmciPjwvc3ZnPg==\" style=\"--smush-placeholder-width: 1707px; --smush-placeholder-aspect-ratio: 1707\/2560;\"><a href=\"\/bodyforming-neu-definiert-armstrong-bei-cryopoint\/\" target=\"_blank\" class=\"d-inline-block w-100 pix-img-overlay pix-p-20 d-flex align-items-end\" style=\"min-height:400px;\"><div class=\"w-100\"><div class=\"\"><span class=\"pix-badge-element custom d-inline-flex mr-1 \"  ><span class=\"badge font-weight-bold  bg-white   \" style=\"font-size:12px; \"><span class=\"text-brown\" style=\"\">Armstrong<\/span><\/span><\/span><\/div><h5 class=\"card-title font-weight-bold text-white pix-my-10\" style=\"\">Une nouvelle d\u00e9finition du bodyforming : Armstrong chez Cryopoint<\/h5><span class=\"pix-promo-box-link d-flex align-items-center font-weight-bold text-light-opacity-6 \" ><span>Lire maintenant<\/span><svg class=\"pixfort-icon pix-hover-right pix-hover-item pix-ml-5\" width=\"24\" height=\"24\"  data-name=\"Line\/pixfort-icon-arrow-right-2\" viewBox=\"2 2 20 20\"><polyline fill=\"none\" stroke=\"var(--pf-icon-color)\" stroke-linecap=\"round\" stroke-linejoin=\"round\" stroke-width=\"var(--pf-icon-stroke-width)\" points=\"9.5 17 14.5 12 9.5 7\"\/><\/svg><\/span><\/div><\/a><\/div>[\/vc_column][\/vc_row][\/vc_section][vc_row pix_particles_check=\u00a0\u00bb\u00a0\u00bb css=\u00a0\u00bb.vc_custom_1735050194007{margin-top: 50px !important;padding-bottom: 40px !important;}\u00a0\u00bb][vc_column]<div class=\"container\"><div class=\"row justify-content-center\"><div class=\"col bg-white2 rounded-lg2  vc_custom_1653826702388 shadow shadow-hover fly-sm animate-in w-100 m-32 p-42 pix-py-30 col-sm-auto d-md-flex align-items-center text-center text-md-left justify-content-between2\" style=\"z-index:11;\" data-anim-delay=\"700\" data-anim-type=\"fade-in-down\"><div class=\"mr-md-5\"><h3 class=\"d-block mr-md-3 mb-md-0 mb-md-0 text-white font-weight-bold text-white\" style=\"\">Trouve ton emplacement maintenant !<\/h3><span class=\"d-block mr-md-3 mb-md-0 mb-md-0 pix-mt-10   text-light-opacity-7\" style=\"\">R\u00e9serve d\u00e8s aujourd&rsquo;hui ton rendez-vous dans l&rsquo;un de nos magasins pr\u00e8s de chez toi et v\u00e9rifie par toi-m\u00eame. Nous nous r\u00e9jouissons de t&rsquo;accueillir !<\/span><\/div><div class=\"flex-fill text-md-right flex-grow-1\" style=\"min-width:250px;max-width:100%;\"><a  href=\"https:\/\/cryopoint.com\/standorte\/\" class=\"btn mb-0     mt-4 mt-md-0 mr-0 shadow-lg shadow-hover-lg text-primary btn-white d-inline-flex align-items-center      animate-in btn-normal\"   data-anim-type=\"fade-in-up\" data-anim-delay=\"0\" ><span class=\"font-weight-bold \" >Commencez maintenant !<\/span><\/a><\/div><\/div><\/div><\/div>[\/vc_column][\/vc_row]<\/p>\n<\/div>","protected":false},"excerpt":{"rendered":"[vc_section full_width=\u00a0\u00bbstretch_row\u00a0\u00bb pix_over_visibility=\u00a0\u00bb\u00a0\u00bb bottom_divider_select=\u00a0\u00bbdynamic\u00a0\u00bb bottom_moving_divider_color=\u00a0\u00bb%5B%7B%22d_color_1%22%3A%22rgba(0%2C35%2C67%2C0.6)%22%2C%22d_color_2%22%3A%22%23f8f9fa%22%7D%2C%7B%22d_color_1%22%3A%22rgba(0%2C35%2C67%2C0.3)%22%2C%22d_color_2%22%3A%22%23f8f9fa%22%7D%2C%7B%22d_color_1%22%3A%22%23FBFAF6%22%2C%22d_color_2%22%3A%22%23f8f9fa%22%7D%5D\u00a0\u00bb pix_overlay_color=\u00a0\u00bbblack\u00a0\u00bb css=\u00a0\u00bb.vc_custom_1763649456080{padding-top: 50px !important;padding-bottom: 120px !important;background-image: url(https:\/\/cryopoint.com\/wp-content\/uploads\/2022\/05\/B9F4FBB3-DE52-4282-B3B1-B9BC146A7562.jpg?id=14251) !important;}\u00a0\u00bb pix_overlay_opacity=\u00a0\u00bb0.8&Prime; el_class=\u00a0\u00bbfranchisepartner-werden-hero-section\u00a0\u00bb][vc_row full_width=\u00a0\u00bbstretch_row\u00a0\u00bb content_placement=\u00a0\u00bbmiddle\u00a0\u00bb pix_particles_check=\u00a0\u00bb\u00a0\u00bb][vc_column responsive_css=\u00a0\u00bb{\u00ab\u00a0pix_res_sm_mt\u00ab\u00a0:\u00ab\u00a050\u00ab\u00a0,\u00ab\u00a0pix_res_md_mt\u00ab\u00a0:\u00ab\u00a050\u00ab\u00a0}\u00a0\u00bb css=\u00a0\u00bb.vc_custom_1653481485848{margin-top: 150px !important;}\u00a0\u00bb][\/vc_column][\/vc_row][vc_row pix_particles_check=\u00a0\u00bb\u00a0\u00bb css=\u00a0\u00bb.vc_custom_1704808763027{padding-top: 40px !important;padding-bottom: 40px !important;}\u00a0\u00bb][vc_column][\/vc_column][\/vc_row][\/vc_section][vc_section pix_over_visibility=\u00a0\u00bb\u00a0\u00bb css=\u00a0\u00bb.vc_custom_1704807115319{margin-top: 20px !important;margin-bottom: 50px !important;padding-top: 50px !important;}\u00a0\u00bb][vc_row pix_particles_check=\u00a0\u00bb\u00a0\u00bb][vc_column width=\u00a0\u00bb1\/3&Prime; responsive_css=\u00a0\u00bb{\u00ab\u00a0pix_res_sm_pb\u00ab\u00a0:\u00ab\u00a010px\u00ab\u00a0,\u00ab\u00a0pix_res_sm_mb\u00ab\u00a0:\u00ab\u00a010px\u00ab\u00a0,\u00ab\u00a0pix_res_md_pb\u00ab\u00a0:\u00ab\u00a010px\u00ab\u00a0,\u00ab\u00a0pix_res_md_mb\u00ab\u00a0:\u00ab\u00a010px\u00ab\u00a0}\u00a0\u00bb][\/vc_column][vc_column width=\u00a0\u00bb1\/3&Prime;&#8230;","protected":false},"author":1,"featured_media":0,"parent":0,"menu_order":0,"comment_status":"closed","ping_status":"closed","template":"","meta":{"footnotes":""},"class_list":["post-33973","page","type-page","status-publish","hentry"],"yoast_head":"<!-- This site is optimized with the Yoast SEO plugin v27.3 - https:\/\/yoast.com\/product\/yoast-seo-wordpress\/ -->\n<title>Blog - Cryopoint<\/title>\n<meta name=\"robots\" content=\"index, follow, max-snippet:-1, max-image-preview:large, max-video-preview:-1\" \/>\n<link rel=\"canonical\" href=\"https:\/\/cryopoint.com\/fr\/blog\/\" \/>\n<meta property=\"og:locale\" content=\"fr_FR\" \/>\n<meta property=\"og:type\" content=\"article\" \/>\n<meta property=\"og:title\" content=\"Blog - Cryopoint\" \/>\n<meta property=\"og:description\" content=\"[vc_section full_width=\u00a0\u00bbstretch_row\u00a0\u00bb pix_over_visibility=\u00a0\u00bb\u00a0\u00bb bottom_divider_select=\u00a0\u00bbdynamic\u00a0\u00bb bottom_moving_divider_color=\u00a0\u00bb%5B%7B%22d_color_1%22%3A%22rgba(0%2C35%2C67%2C0.6)%22%2C%22d_color_2%22%3A%22%23f8f9fa%22%7D%2C%7B%22d_color_1%22%3A%22rgba(0%2C35%2C67%2C0.3)%22%2C%22d_color_2%22%3A%22%23f8f9fa%22%7D%2C%7B%22d_color_1%22%3A%22%23FBFAF6%22%2C%22d_color_2%22%3A%22%23f8f9fa%22%7D%5D\u00a0\u00bb pix_overlay_color=\u00a0\u00bbblack\u00a0\u00bb css=\u00a0\u00bb.vc_custom_1763649456080{padding-top: 50px !important;padding-bottom: 120px !important;background-image: url(https:\/\/cryopoint.com\/wp-content\/uploads\/2022\/05\/B9F4FBB3-DE52-4282-B3B1-B9BC146A7562.jpg?id=14251) !important;}\u00a0\u00bb pix_overlay_opacity=\u00a0\u00bb0.8&Prime; el_class=\u00a0\u00bbfranchisepartner-werden-hero-section\u00a0\u00bb][vc_row full_width=\u00a0\u00bbstretch_row\u00a0\u00bb content_placement=\u00a0\u00bbmiddle\u00a0\u00bb pix_particles_check=\u00a0\u00bb\u00a0\u00bb][vc_column responsive_css=\u00a0\u00bb{\u00ab\u00a0pix_res_sm_mt\u00ab\u00a0:\u00ab\u00a050\u00ab\u00a0,\u00ab\u00a0pix_res_md_mt\u00ab\u00a0:\u00ab\u00a050\u00ab\u00a0}\u00a0\u00bb css=\u00a0\u00bb.vc_custom_1653481485848{margin-top: 150px !important;}\u00a0\u00bb][\/vc_column][\/vc_row][vc_row pix_particles_check=\u00a0\u00bb\u00a0\u00bb css=\u00a0\u00bb.vc_custom_1704808763027{padding-top: 40px !important;padding-bottom: 40px !important;}\u00a0\u00bb][vc_column][\/vc_column][\/vc_row][\/vc_section][vc_section pix_over_visibility=\u00a0\u00bb\u00a0\u00bb css=\u00a0\u00bb.vc_custom_1704807115319{margin-top: 20px !important;margin-bottom: 50px !important;padding-top: 50px !important;}\u00a0\u00bb][vc_row pix_particles_check=\u00a0\u00bb\u00a0\u00bb][vc_column width=\u00a0\u00bb1\/3&Prime; responsive_css=\u00a0\u00bb{\u00ab\u00a0pix_res_sm_pb\u00ab\u00a0:\u00ab\u00a010px\u00ab\u00a0,\u00ab\u00a0pix_res_sm_mb\u00ab\u00a0:\u00ab\u00a010px\u00ab\u00a0,\u00ab\u00a0pix_res_md_pb\u00ab\u00a0:\u00ab\u00a010px\u00ab\u00a0,\u00ab\u00a0pix_res_md_mb\u00ab\u00a0:\u00ab\u00a010px\u00ab\u00a0}\u00a0\u00bb][\/vc_column][vc_column width=\u00a0\u00bb1\/3&Prime;...\" \/>\n<meta property=\"og:url\" content=\"https:\/\/cryopoint.com\/fr\/blog\/\" \/>\n<meta property=\"og:site_name\" content=\"Cryopoint\" \/>\n<meta property=\"article:modified_time\" content=\"2025-11-20T14:41:17+00:00\" \/>\n<meta name=\"twitter:card\" content=\"summary_large_image\" \/>\n<meta name=\"twitter:label1\" content=\"Dur\u00e9e de lecture estim\u00e9e\" \/>\n\t<meta name=\"twitter:data1\" content=\"2 minutes\" \/>\n<script type=\"application\/ld+json\" class=\"yoast-schema-graph\">{\"@context\":\"https:\\\/\\\/schema.org\",\"@graph\":[{\"@type\":\"WebPage\",\"@id\":\"https:\\\/\\\/cryopoint.com\\\/fr\\\/blog\\\/\",\"url\":\"https:\\\/\\\/cryopoint.com\\\/fr\\\/blog\\\/\",\"name\":\"Blog - Cryopoint\",\"isPartOf\":{\"@id\":\"https:\\\/\\\/cryopoint.com\\\/#website\"},\"datePublished\":\"2024-01-09T13:48:29+00:00\",\"dateModified\":\"2025-11-20T14:41:17+00:00\",\"breadcrumb\":{\"@id\":\"https:\\\/\\\/cryopoint.com\\\/fr\\\/blog\\\/#breadcrumb\"},\"inLanguage\":\"fr-FR\",\"potentialAction\":[{\"@type\":\"ReadAction\",\"target\":[\"https:\\\/\\\/cryopoint.com\\\/fr\\\/blog\\\/\"]}]},{\"@type\":\"BreadcrumbList\",\"@id\":\"https:\\\/\\\/cryopoint.com\\\/fr\\\/blog\\\/#breadcrumb\",\"itemListElement\":[{\"@type\":\"ListItem\",\"position\":1,\"name\":\"Startseite\",\"item\":\"https:\\\/\\\/cryopoint.com\\\/en\\\/\"},{\"@type\":\"ListItem\",\"position\":2,\"name\":\"Blog\"}]},{\"@type\":\"WebSite\",\"@id\":\"https:\\\/\\\/cryopoint.com\\\/#website\",\"url\":\"https:\\\/\\\/cryopoint.com\\\/\",\"name\":\"Cryopoint\",\"description\":\"Restart Your Body\",\"publisher\":{\"@id\":\"https:\\\/\\\/cryopoint.com\\\/#organization\"},\"potentialAction\":[{\"@type\":\"SearchAction\",\"target\":{\"@type\":\"EntryPoint\",\"urlTemplate\":\"https:\\\/\\\/cryopoint.com\\\/?s={search_term_string}\"},\"query-input\":{\"@type\":\"PropertyValueSpecification\",\"valueRequired\":true,\"valueName\":\"search_term_string\"}}],\"inLanguage\":\"fr-FR\"},{\"@type\":\"Organization\",\"@id\":\"https:\\\/\\\/cryopoint.com\\\/#organization\",\"name\":\"Cryopoint\",\"url\":\"https:\\\/\\\/cryopoint.com\\\/\",\"logo\":{\"@type\":\"ImageObject\",\"inLanguage\":\"fr-FR\",\"@id\":\"https:\\\/\\\/cryopoint.com\\\/#\\\/schema\\\/logo\\\/image\\\/\",\"url\":\"https:\\\/\\\/cryopoint.com\\\/wp-content\\\/uploads\\\/2022\\\/05\\\/312CF1BF-6C51-4D51-8EBA-F2D06CFDF417.jpg\",\"contentUrl\":\"https:\\\/\\\/cryopoint.com\\\/wp-content\\\/uploads\\\/2022\\\/05\\\/312CF1BF-6C51-4D51-8EBA-F2D06CFDF417.jpg\",\"width\":500,\"height\":500,\"caption\":\"Cryopoint\"},\"image\":{\"@id\":\"https:\\\/\\\/cryopoint.com\\\/#\\\/schema\\\/logo\\\/image\\\/\"}}]}<\/script>\n<!-- \/ Yoast SEO plugin. -->","yoast_head_json":{"title":"Blog - Cryopoint","robots":{"index":"index","follow":"follow","max-snippet":"max-snippet:-1","max-image-preview":"max-image-preview:large","max-video-preview":"max-video-preview:-1"},"canonical":"https:\/\/cryopoint.com\/fr\/blog\/","og_locale":"fr_FR","og_type":"article","og_title":"Blog - Cryopoint","og_description":"[vc_section full_width=\u00a0\u00bbstretch_row\u00a0\u00bb pix_over_visibility=\u00a0\u00bb\u00a0\u00bb bottom_divider_select=\u00a0\u00bbdynamic\u00a0\u00bb bottom_moving_divider_color=\u00a0\u00bb%5B%7B%22d_color_1%22%3A%22rgba(0%2C35%2C67%2C0.6)%22%2C%22d_color_2%22%3A%22%23f8f9fa%22%7D%2C%7B%22d_color_1%22%3A%22rgba(0%2C35%2C67%2C0.3)%22%2C%22d_color_2%22%3A%22%23f8f9fa%22%7D%2C%7B%22d_color_1%22%3A%22%23FBFAF6%22%2C%22d_color_2%22%3A%22%23f8f9fa%22%7D%5D\u00a0\u00bb pix_overlay_color=\u00a0\u00bbblack\u00a0\u00bb css=\u00a0\u00bb.vc_custom_1763649456080{padding-top: 50px !important;padding-bottom: 120px !important;background-image: url(https:\/\/cryopoint.com\/wp-content\/uploads\/2022\/05\/B9F4FBB3-DE52-4282-B3B1-B9BC146A7562.jpg?id=14251) !important;}\u00a0\u00bb pix_overlay_opacity=\u00a0\u00bb0.8&Prime; el_class=\u00a0\u00bbfranchisepartner-werden-hero-section\u00a0\u00bb][vc_row full_width=\u00a0\u00bbstretch_row\u00a0\u00bb content_placement=\u00a0\u00bbmiddle\u00a0\u00bb pix_particles_check=\u00a0\u00bb\u00a0\u00bb][vc_column responsive_css=\u00a0\u00bb{\u00ab\u00a0pix_res_sm_mt\u00ab\u00a0:\u00ab\u00a050\u00ab\u00a0,\u00ab\u00a0pix_res_md_mt\u00ab\u00a0:\u00ab\u00a050\u00ab\u00a0}\u00a0\u00bb css=\u00a0\u00bb.vc_custom_1653481485848{margin-top: 150px !important;}\u00a0\u00bb][\/vc_column][\/vc_row][vc_row pix_particles_check=\u00a0\u00bb\u00a0\u00bb css=\u00a0\u00bb.vc_custom_1704808763027{padding-top: 40px !important;padding-bottom: 40px !important;}\u00a0\u00bb][vc_column][\/vc_column][\/vc_row][\/vc_section][vc_section pix_over_visibility=\u00a0\u00bb\u00a0\u00bb css=\u00a0\u00bb.vc_custom_1704807115319{margin-top: 20px !important;margin-bottom: 50px !important;padding-top: 50px !important;}\u00a0\u00bb][vc_row pix_particles_check=\u00a0\u00bb\u00a0\u00bb][vc_column width=\u00a0\u00bb1\/3&Prime; responsive_css=\u00a0\u00bb{\u00ab\u00a0pix_res_sm_pb\u00ab\u00a0:\u00ab\u00a010px\u00ab\u00a0,\u00ab\u00a0pix_res_sm_mb\u00ab\u00a0:\u00ab\u00a010px\u00ab\u00a0,\u00ab\u00a0pix_res_md_pb\u00ab\u00a0:\u00ab\u00a010px\u00ab\u00a0,\u00ab\u00a0pix_res_md_mb\u00ab\u00a0:\u00ab\u00a010px\u00ab\u00a0}\u00a0\u00bb][\/vc_column][vc_column width=\u00a0\u00bb1\/3&Prime;...","og_url":"https:\/\/cryopoint.com\/fr\/blog\/","og_site_name":"Cryopoint","article_modified_time":"2025-11-20T14:41:17+00:00","twitter_card":"summary_large_image","twitter_misc":{"Dur\u00e9e de lecture estim\u00e9e":"2 minutes"},"schema":{"@context":"https:\/\/schema.org","@graph":[{"@type":"WebPage","@id":"https:\/\/cryopoint.com\/fr\/blog\/","url":"https:\/\/cryopoint.com\/fr\/blog\/","name":"Blog - Cryopoint","isPartOf":{"@id":"https:\/\/cryopoint.com\/#website"},"datePublished":"2024-01-09T13:48:29+00:00","dateModified":"2025-11-20T14:41:17+00:00","breadcrumb":{"@id":"https:\/\/cryopoint.com\/fr\/blog\/#breadcrumb"},"inLanguage":"fr-FR","potentialAction":[{"@type":"ReadAction","target":["https:\/\/cryopoint.com\/fr\/blog\/"]}]},{"@type":"BreadcrumbList","@id":"https:\/\/cryopoint.com\/fr\/blog\/#breadcrumb","itemListElement":[{"@type":"ListItem","position":1,"name":"Startseite","item":"https:\/\/cryopoint.com\/en\/"},{"@type":"ListItem","position":2,"name":"Blog"}]},{"@type":"WebSite","@id":"https:\/\/cryopoint.com\/#website","url":"https:\/\/cryopoint.com\/","name":"Cryopoint","description":"Restart Your Body","publisher":{"@id":"https:\/\/cryopoint.com\/#organization"},"potentialAction":[{"@type":"SearchAction","target":{"@type":"EntryPoint","urlTemplate":"https:\/\/cryopoint.com\/?s={search_term_string}"},"query-input":{"@type":"PropertyValueSpecification","valueRequired":true,"valueName":"search_term_string"}}],"inLanguage":"fr-FR"},{"@type":"Organization","@id":"https:\/\/cryopoint.com\/#organization","name":"Cryopoint","url":"https:\/\/cryopoint.com\/","logo":{"@type":"ImageObject","inLanguage":"fr-FR","@id":"https:\/\/cryopoint.com\/#\/schema\/logo\/image\/","url":"https:\/\/cryopoint.com\/wp-content\/uploads\/2022\/05\/312CF1BF-6C51-4D51-8EBA-F2D06CFDF417.jpg","contentUrl":"https:\/\/cryopoint.com\/wp-content\/uploads\/2022\/05\/312CF1BF-6C51-4D51-8EBA-F2D06CFDF417.jpg","width":500,"height":500,"caption":"Cryopoint"},"image":{"@id":"https:\/\/cryopoint.com\/#\/schema\/logo\/image\/"}}]}},"_links":{"self":[{"href":"https:\/\/cryopoint.com\/fr\/wp-json\/wp\/v2\/pages\/33973","targetHints":{"allow":["GET"]}}],"collection":[{"href":"https:\/\/cryopoint.com\/fr\/wp-json\/wp\/v2\/pages"}],"about":[{"href":"https:\/\/cryopoint.com\/fr\/wp-json\/wp\/v2\/types\/page"}],"author":[{"embeddable":true,"href":"https:\/\/cryopoint.com\/fr\/wp-json\/wp\/v2\/users\/1"}],"replies":[{"embeddable":true,"href":"https:\/\/cryopoint.com\/fr\/wp-json\/wp\/v2\/comments?post=33973"}],"version-history":[{"count":10,"href":"https:\/\/cryopoint.com\/fr\/wp-json\/wp\/v2\/pages\/33973\/revisions"}],"predecessor-version":[{"id":65714,"href":"https:\/\/cryopoint.com\/fr\/wp-json\/wp\/v2\/pages\/33973\/revisions\/65714"}],"wp:attachment":[{"href":"https:\/\/cryopoint.com\/fr\/wp-json\/wp\/v2\/media?parent=33973"}],"curies":[{"name":"wp","href":"https:\/\/api.w.org\/{rel}","templated":true}]}}